{"id":3,"date":"2020-11-09T21:14:41","date_gmt":"2020-11-09T21:14:41","guid":{"rendered":"https:\/\/artstudio.glasshouse.fr\/?page_id=3"},"modified":"2020-12-11T11:10:17","modified_gmt":"2020-12-11T11:10:17","slug":"rgpd","status":"publish","type":"page","link":"https:\/\/artstudio-france.com\/fr\/rgpd\/","title":{"rendered":"POLITIQUE DE CONFIDENTIALITE ET DE PROTECTION DES DONNEES A CARACTERE PERSONNEL DU SITE INTERNET artstudio-france.com"},"content":{"rendered":"\n<p>L&rsquo;acc\u00e8s et l&rsquo;utilisation du site internet artstudio-france.com (ci-apr\u00e8s \u00ab le Site Internet \u00bb) est susceptible d&rsquo;impliquer de votre part la fourniture d&rsquo;un certain nombre de donn\u00e9es \u00e0 caract\u00e8re personnel vous concernant. Afin de pr\u00e9server votre confiance, Nous, ARTSTUDIO-FRANCE vous invitons \u00e0 prendre connaissance de notre politique en la mati\u00e8re, laquelle d\u00e9crit les donn\u00e9es collect\u00e9es, l&rsquo;utilisation qui en est faite, et les droits dont vous disposez en ce qui les concerne.<\/p>\n\n\n\n<h2 class=\"wp-block-heading\">1. QUI COLLECTE ET TRAITE VOS DONNEES ?<\/h2>\n\n\n\n<p>ARTSTUDIO-FRANCE \u2013 imp. Sous Roches \u2013 FR-31810 Venerque \u2013 France. Dans le cadre du Site Internet et en conformit\u00e9 avec la Loi n\u00b0 78-17 du 6 janvier 1978 modifi\u00e9e et le R\u00e8glement UE 2016\/679 du 27 avril 2016, nous collectons et traitons, pour les besoins des services du Site Internet, des donn\u00e9es \u00e0 caract\u00e8re personnel vous concernant.<\/p>\n\n\n\n<h2 class=\"wp-block-heading\">2. QUELLES DONNEES PERSONNELLES COLLECTONS-NOUS ?<\/h2>\n\n\n\n<p>Par l&rsquo;interm\u00e9diaire du Formulaire de Contact, nous collectons obligatoirement des donn\u00e9es relatives \u00e0 vos nom, pr\u00e9nom, adresse mail, l&rsquo;entreprise dans laquelle vous travaillez ainsi qu&rsquo;\u00e0 l&rsquo;objet et au contenu du message que vous souhaitez nous adresser. Le Formulaire de contact vous permet de nous contacter afin d&rsquo;en savoir plus sur un de nos services ou pour obtenir des informations sur notre entreprise.<\/p>\n\n\n\n<h2 class=\"wp-block-heading\">3. POURQUOI COLLECTONS-NOUS VOS DONNEES ?<\/h2>\n\n\n\n<p>Les donn\u00e9es relatives \u00e0 votre identit\u00e9, votre entreprise et les fonctions que vous y exercez nous permettent de nous assurer que vous \u00eates un bien une personne morale ou physique. Dans le cadre de l&rsquo;utilisation du Formulaire de contact aux fins de demande de renseignements sur un service ou de toute demande d&rsquo;informations g\u00e9n\u00e9rale, les donn\u00e9es sont collect\u00e9es afin que nous puissions vous contacter en retour en vue de r\u00e9pondre \u00e0 votre message. Ces donn\u00e9es servent \u00e9galement \u00e0 alimenter notre fichier clients.<\/p>\n\n\n\n<h2 class=\"wp-block-heading\">4. QUE JUSTIFIE CETTE COLLECTE ?<\/h2>\n\n\n\n<p>Les donn\u00e9es seront collect\u00e9es et trait\u00e9es de mani\u00e8re loyale et licite, et seront utilis\u00e9es pour la r\u00e9alisation des services propos\u00e9s sur le Site Internet. Nous ne collectons vos donn\u00e9es \u00e0 caract\u00e8re personnel que dans la mesure o\u00f9 vous avez express\u00e9ment manifest\u00e9 votre consentement. Vous pouvez \u00e0 tout moment r\u00e9tracter votre consentement en adressant une demande en ce sens aux coordonn\u00e9es suivantes : Par courriel : <a href=\"mailto:contact@artstudio-france.com\">contact@artstudio-france.com<\/a> La r\u00e9tractation de votre consentement ne joue que pour l&rsquo;avenir et ne remet pas en cause la lic\u00e9it\u00e9 des traitements effectu\u00e9s ant\u00e9rieurement au retrait de votre consentement.<\/p>\n\n\n\n<h2 class=\"wp-block-heading\">5. A QUI COMMUNIQUONS-NOUS VOS DONNEES ?<\/h2>\n\n\n\n<p>ARTSTUDIO-FRANCE est seule destinataire de l&rsquo;ensemble des donn\u00e9es collect\u00e9es et trait\u00e9es. Seul le personnel d\u00fbment habilit\u00e9 d&rsquo;ARTSTUDIO-FRANCE peut \u00e9ventuellement en prendre connaissance. Nos prestataires informatiques sous-traitants peuvent \u00e9ventuellement avoir acc\u00e8s aux donn\u00e9es lors de leurs op\u00e9rations de maintenance, mais ne peuvent en aucun cas pratiquer une quelconque autre op\u00e9ration de traitement des donn\u00e9es, telle qu&rsquo;une modification ou une utilisation de celles-ci.<\/p>\n\n\n\n<h2 class=\"wp-block-heading\">6. QUI SONT NOS SOUS-TRAITANTS ?<\/h2>\n\n\n\n<p>Dans le cadre des traitements de donn\u00e9es effectu\u00e9s, nous recourons \u00e0 un seul sous-traitant qui est : La Soci\u00e9t\u00e9 OVH, qui assure l&rsquo;h\u00e9bergement de l&rsquo;ensemble des donn\u00e9es \u00e0 caract\u00e8re personnel trait\u00e9es sur le Site Internet, et qui est localis\u00e9 au OVH &#8211; 2 rue Kellermann &#8211; 59100 Roubaix \u2013 France ;<br>Nous garantissons que notre sous-traitant h\u00e9berge les donn\u00e9es au sein de l&rsquo;Union europ\u00e9enne et pr\u00e9sente des garanties suffisantes quant \u00e0 la mise en oeuvre de mesures techniques et organisationnelles appropri\u00e9es de mani\u00e8re que le traitement r\u00e9ponde aux exigences du R\u00e8glement UE 2016\/679 et \u00e0 la Loi Informatique et Libert\u00e9s. En tout \u00e9tat de cause, toute sous-traitance op\u00e9r\u00e9e se fait dans le strict respect du pr\u00e9sent document. Par cons\u00e9quent, nous garantissons que notre sous-traitant n&rsquo;outrepasse en aucun cas les modalit\u00e9s de traitement d\u00e9finies dans le pr\u00e9sent document. Le sous-traitant peut lui-m\u00eame \u00eatre autoris\u00e9 \u00e0 sous-traiter tout ou partie de ses op\u00e9rations sous r\u00e9serve du strict respect des dispositions de l&rsquo;article 28 du R\u00e8glement UE 2016\/679 et du pr\u00e9sent document. Toutefois, en tant que responsables du traitement, nous demeurons votre unique interlocuteur.<\/p>\n\n\n\n<h2 class=\"wp-block-heading\">7. QUELS SONT VOS DROITS ?<\/h2>\n\n\n\n<p>Conform\u00e9ment \u00e0 la r\u00e8glementation en vigueur, vous disposez de droits sur vos donn\u00e9es \u00e0 caract\u00e8re personnel. Pour exercer ces droits, vous devez nous \u00e9crire en pr\u00e9cisant l&rsquo;objet de votre requ\u00eate et vous m\u00e9nager la preuve de la r\u00e9ception de votre demande. Toute demande de renseignement sur vos droits ou toute demande visant \u00e0 exercer l&rsquo;un de vos droits devra \u00eatre adress\u00e9e aux coordonn\u00e9es suivantes : Par courriel : <a href=\"mailto:contact@artstudio-france.com\">contact@artstudio-france.com<\/a> Toute demande d&rsquo;exercice de vos droits sera accompagn\u00e9e d&rsquo;une copie de votre pi\u00e8ce d&rsquo;identit\u00e9 afin d&rsquo;\u00e9viter toute fraude et\/ou acc\u00e8s illicite \u00e0 vos donn\u00e9es. Toutefois, certaines informations personnelles peuvent \u00eatre exempt\u00e9es de telles demandes dans certaines circonstances, par exemple si elles portent atteinte aux droits et libert\u00e9s de tiers. Si une exception s&rsquo;applique, nous vous le ferons savoir en r\u00e9pondant \u00e0 votre demande.<\/p>\n\n\n\n<h2 class=\"wp-block-heading\">8.1 Droits d&rsquo;acc\u00e8s, d&rsquo;opposition, de limitation, d&rsquo;effacement et de rectification des donn\u00e9es<\/h2>\n\n\n\n<p>Conform\u00e9ment \u00e0 la r\u00e8glementation en vigueur, vous disposez du droit : D&rsquo;acc\u00e9der \u00e0 l&rsquo;une quelconque de vos donn\u00e9es personnelles que nous d\u00e9tenons \u00e0 votre sujet ; De mettre \u00e0 jour l&rsquo;une quelconque de vos donn\u00e9es personnelles qui n&rsquo;est pas \u00e0 jour ou incorrecte ; De restreindre la fa\u00e7on dont nous traitons vos donn\u00e9es personnelles ; De nous demander de vous fournir une copie de l&rsquo;une quelconque des donn\u00e9es personnelles que nous d\u00e9tenons \u00e0 votre sujet ; De vous opposer \u00e0 l&rsquo;utilisation de vos donn\u00e9es personnelles ; De vous opposer \u00e0 l&rsquo;utilisation de vos donn\u00e9es personnelles \u00e0 des fins de prospection.<\/p>\n\n\n\n<h2 class=\"wp-block-heading\">8.2 Droit \u00e0 la portabilit\u00e9 des donn\u00e9es<\/h2>\n\n\n\n<p>Vous disposez d&rsquo;un droit \u00e0 la portabilit\u00e9 de vos donn\u00e9es, lesquelles doivent vous \u00eatre restitu\u00e9es par la Soci\u00e9t\u00e9 dans un format structur\u00e9, couramment utilis\u00e9 et lisible par machine, si vous le souhaitez. Vous ne pouvez exercer ce droit \u00e0 la portabilit\u00e9 qu&rsquo;\u00e0 l&rsquo;\u00e9gard des donn\u00e9es que vous avez d\u00e9clar\u00e9es activement et consciemment ou que vous avez g\u00e9n\u00e9r\u00e9es par votre activit\u00e9, notamment dans le cadre de l&rsquo;utilisation du Formulaire de contact, \u00e0 l&rsquo;exclusion de toutes autres donn\u00e9es qui sont calcul\u00e9es, d\u00e9riv\u00e9es ou inf\u00e9r\u00e9es \u00e0 partir des donn\u00e9es que vous avez fournies. En outre, seules les donn\u00e9es trait\u00e9es de mani\u00e8re automatis\u00e9e et collect\u00e9es sur la base de votre consentement ou de l&rsquo;ex\u00e9cution d&rsquo;un contrat sont concern\u00e9es par ce droit. Nous nous r\u00e9servons le droit de ne pas satisfaire \u00e0 votre demande dans la mesure o\u00f9 les donn\u00e9es concern\u00e9es par votre demande ne r\u00e9pondent pas aux conditions susmentionn\u00e9es. Pour toutes les donn\u00e9es ne satisfaisant pas aux crit\u00e8res susmentionn\u00e9s, vous ne pouvez exercer que les droits mentionn\u00e9s \u00e0 la pr\u00e9c\u00e9dente clause (Article 8.1). Nous ne ferons pas obstacle \u00e0 la transmission des donn\u00e9es concern\u00e9es par le droit \u00e0 la portabilit\u00e9 \u00e0 un autre responsable de traitement, soit par votre interm\u00e9diaire, soit directement lorsque cela s&rsquo;av\u00e8re techniquement possible. Dans l&rsquo;hypoth\u00e8se o\u00f9 la transmission directe des donn\u00e9es \u00e0 un autre responsable de traitement ne serait pas techniquement possible, nous vous en informerons et vous proposerons une solution alternative. Nous ne sommes pas responsables du traitement que vous op\u00e9rez sur les donn\u00e9es issues du droit \u00e0 la portabilit\u00e9 une fois que vous les avez r\u00e9cup\u00e9r\u00e9es. Nous ne sommes pas davantage responsables du traitement r\u00e9alis\u00e9 par la soci\u00e9t\u00e9 ayant r\u00e9cup\u00e9r\u00e9 vos donn\u00e9es \u00e0 la suite d&rsquo;une demande que vous aurez effectu\u00e9e en ce sens.<\/p>\n\n\n\n<h2 class=\"wp-block-heading\">8.3 Droit de formuler des directives anticip\u00e9es<\/h2>\n\n\n\n<p>Conform\u00e9ment \u00e0 la r\u00e8glementation en vigueur, vous pouvez formuler des directives anticip\u00e9es sur l&rsquo;utilisation de vos donn\u00e9es apr\u00e8s votre mort (par exemple : conservation, suppression, divulgation). Vous pouvez modifier ou r\u00e9tracter vos instructions \u00e0 tout moment.<\/p>\n\n\n\n<h2 class=\"wp-block-heading\">8.4 Droit d&rsquo;introduire une r\u00e9clamation aupr\u00e8s de la CNIL<\/h2>\n\n\n\n<p>Vous \u00eates inform\u00e9 de votre droit \u00e0 saisir la CNIL en cas de non-respect des dispositions l\u00e9gales et r\u00e9glementaires de la part de la Soci\u00e9t\u00e9 dans le cadre de la gestion de vos donn\u00e9es \u00e0 caract\u00e8re personnel. Pour ce faire, vous pouvez contacter la CNIL \u00e0 partir du lien suivant : <a href=\"https:\/\/www.cnil.fr\/fr\/plaintes\">https:\/\/www.cnil.fr\/fr\/plaintes<\/a><\/p>\n\n\n\n<h2 class=\"wp-block-heading\">9. COMBIEN DE TEMPS CONSERVONS-NOUS VOS DONNEES ?<\/h2>\n\n\n\n<p>Les donn\u00e9es collect\u00e9es \u00e0 partir du Formulaire de contact sont conserv\u00e9es pour la dur\u00e9e qui nous est n\u00e9cessaire pour vous r\u00e9pondre et, \u00e9ventuellement, pour la dur\u00e9e des \u00e9changes successifs qui s&rsquo;instaureraient entre vous et nous. Nous archivons par la suite ces donn\u00e9es pour une dur\u00e9e n&rsquo;exc\u00e9dant pas un (1) an \u00e0 compter de leur collecte ou du dernier message que vous nous avez adress\u00e9. Les donn\u00e9es collect\u00e9es dans le cadre de la demande d&rsquo;\u00e9chantillons de produits sont conserv\u00e9es dans notre fichier clients pour une dur\u00e9e de cinq (5) ans \u00e0 compter du terme de notre relation contractuelle, d\u00e9lai correspondant \u00e0 la dur\u00e9e l\u00e9gale de prescription en mati\u00e8re contractuelle. Dans l&rsquo;hypoth\u00e8se o\u00f9 vous ne vous \u00eates pas oppos\u00e9 \u00e0 la prospection commerciale, les donn\u00e9es \u00e0 caract\u00e8re personnel vous concernant sont conserv\u00e9es pendant un d\u00e9lai de trois (3) ans \u00e0 compter de leur collecte ou du dernier contact \u00e9manant de vous (par exemple, une demande de documentation ou un clic sur un lien hypertexte contenu dans un courriel constitue un contact \u00e9manant de vous. En revanche, l&rsquo;ouverture d&rsquo;un courriel ne peut \u00eatre consid\u00e9r\u00e9e comme un contact \u00e9manant de vous). Au terme de ce d\u00e9lai de trois (3) ans, nous pourrons vous contacter afin de savoir si vous souhaitez continuer \u00e0 recevoir des sollicitations commerciales. En l&rsquo;absence de r\u00e9ponse positive et explicite de votre part, les donn\u00e9es seront supprim\u00e9es. Il est en outre rappel\u00e9 que la dur\u00e9e de conservation des cookies est de dix-huit (18) jours qu&rsquo;une nouvelle visite sur le Site ne puisse en proroger la dur\u00e9e. Par ailleurs, nous pouvons conserver des donn\u00e9es anonymes ou anonymis\u00e9es selon un processus irr\u00e9versible pour une dur\u00e9e illimit\u00e9 \u00e0 des fins de retraitement statistiques. Compte tenu du caract\u00e8re anonyme de ces donn\u00e9es, elles ne sont pas consid\u00e9r\u00e9es comme des donn\u00e9es \u00e0 caract\u00e8re personnel au sens du R\u00e8glement UE 2016\/679. En cas d&rsquo;exercice du droit d&rsquo;acc\u00e8s ou de rectification, les donn\u00e9es relatives aux pi\u00e8ces d&rsquo;identit\u00e9 sont conserv\u00e9es pendant le d\u00e9lai pr\u00e9vu \u00e0 l&rsquo;article 9 du code de proc\u00e9dure p\u00e9nale, soit un (1) an. En cas d&rsquo;exercice du droit d&rsquo;opposition, les donn\u00e9es relatives aux pi\u00e8ces d&rsquo;identit\u00e9 peuvent \u00eatre archiv\u00e9es pendant le d\u00e9lai de prescription pr\u00e9vu \u00e0 l&rsquo;article 8 du code de proc\u00e9dure p\u00e9nale, soit trois (3) ans. En cas d&rsquo;exercice du droit d&rsquo;opposition \u00e0 recevoir de la prospection commerciale, les donn\u00e9es n\u00e9cessaires \u00e0 la prise en compte de l&rsquo;exercice de votre droit, telles que votre adresse mail, sont conserv\u00e9es trois (3) ans \u00e0 compter de l&rsquo;exercice de votre droit et ne peuvent \u00eatre utilis\u00e9es pour aucune autre finalit\u00e9.<\/p>\n","protected":false},"excerpt":{"rendered":"<p>L&rsquo;acc\u00e8s et l&rsquo;utilisation du site internet artstudio-france.com (ci-apr\u00e8s \u00ab le Site Internet \u00bb) est susceptible d&rsquo;impliquer de votre part la fourniture d&rsquo;un certain nombre de donn\u00e9es \u00e0 caract\u00e8re personnel vous concernant. Afin de pr\u00e9server votre confiance, Nous, ARTSTUDIO-FRANCE vous invitons \u00e0 prendre connaissance de notre politique en la mati\u00e8re, laquelle d\u00e9crit les donn\u00e9es collect\u00e9es, l&rsquo;utilisation [&hellip;]<\/p>\n","protected":false},"author":1,"featured_media":0,"parent":0,"menu_order":0,"comment_status":"closed","ping_status":"open","template":"","meta":[],"acf":[],"yoast_head":"<!-- This site is optimized with the Yoast SEO plugin v20.9 - https:\/\/yoast.com\/wordpress\/plugins\/seo\/ -->\n<title>POLITIQUE DE CONFIDENTIALITE ET DE PROTECTION DES DONNEES A CARACTERE PERSONNEL DU SITE INTERNET artstudio-france.com - artstudio<\/title>\n<meta name=\"robots\" content=\"index, follow, max-snippet:-1, max-image-preview:large, max-video-preview:-1\" \/>\n<link rel=\"canonical\" href=\"https:\/\/artstudio-france.com\/fr\/rgpd\/\" \/>\n<meta property=\"og:locale\" content=\"fr_FR\" \/>\n<meta property=\"og:type\" content=\"article\" \/>\n<meta property=\"og:title\" content=\"POLITIQUE DE CONFIDENTIALITE ET DE PROTECTION DES DONNEES A CARACTERE PERSONNEL DU SITE INTERNET artstudio-france.com - artstudio\" \/>\n<meta property=\"og:description\" content=\"L&rsquo;acc\u00e8s et l&rsquo;utilisation du site internet artstudio-france.com (ci-apr\u00e8s \u00ab le Site Internet \u00bb) est susceptible d&rsquo;impliquer de votre part la fourniture d&rsquo;un certain nombre de donn\u00e9es \u00e0 caract\u00e8re personnel vous concernant. Afin de pr\u00e9server votre confiance, Nous, ARTSTUDIO-FRANCE vous invitons \u00e0 prendre connaissance de notre politique en la mati\u00e8re, laquelle d\u00e9crit les donn\u00e9es collect\u00e9es, l&rsquo;utilisation [&hellip;]\" \/>\n<meta property=\"og:url\" content=\"https:\/\/artstudio-france.com\/fr\/rgpd\/\" \/>\n<meta property=\"og:site_name\" content=\"artstudio\" \/>\n<meta property=\"article:modified_time\" content=\"2020-12-11T11:10:17+00:00\" \/>\n<meta name=\"twitter:card\" content=\"summary_large_image\" \/>\n<meta name=\"twitter:label1\" content=\"Dur\u00e9e de lecture estim\u00e9e\" \/>\n\t<meta name=\"twitter:data1\" content=\"9 minutes\" \/>\n<script type=\"application\/ld+json\" class=\"yoast-schema-graph\">{\"@context\":\"https:\/\/schema.org\",\"@graph\":[{\"@type\":\"WebPage\",\"@id\":\"https:\/\/artstudio-france.com\/fr\/rgpd\/\",\"url\":\"https:\/\/artstudio-france.com\/fr\/rgpd\/\",\"name\":\"POLITIQUE DE CONFIDENTIALITE ET DE PROTECTION DES DONNEES A CARACTERE PERSONNEL DU SITE INTERNET artstudio-france.com - artstudio\",\"isPartOf\":{\"@id\":\"https:\/\/artstudio-france.com\/fr\/#website\"},\"datePublished\":\"2020-11-09T21:14:41+00:00\",\"dateModified\":\"2020-12-11T11:10:17+00:00\",\"breadcrumb\":{\"@id\":\"https:\/\/artstudio-france.com\/fr\/rgpd\/#breadcrumb\"},\"inLanguage\":\"fr-FR\",\"potentialAction\":[{\"@type\":\"ReadAction\",\"target\":[\"https:\/\/artstudio-france.com\/fr\/rgpd\/\"]}]},{\"@type\":\"BreadcrumbList\",\"@id\":\"https:\/\/artstudio-france.com\/fr\/rgpd\/#breadcrumb\",\"itemListElement\":[{\"@type\":\"ListItem\",\"position\":1,\"name\":\"Accueil\",\"item\":\"https:\/\/artstudio-france.com\/fr\/\"},{\"@type\":\"ListItem\",\"position\":2,\"name\":\"POLITIQUE DE CONFIDENTIALITE ET DE PROTECTION DES DONNEES A CARACTERE PERSONNEL DU SITE INTERNET artstudio-france.com\"}]},{\"@type\":\"WebSite\",\"@id\":\"https:\/\/artstudio-france.com\/fr\/#website\",\"url\":\"https:\/\/artstudio-france.com\/fr\/\",\"name\":\"artstudio\",\"description\":\"slogan vide\",\"potentialAction\":[{\"@type\":\"SearchAction\",\"target\":{\"@type\":\"EntryPoint\",\"urlTemplate\":\"https:\/\/artstudio-france.com\/fr\/?s={search_term_string}\"},\"query-input\":\"required name=search_term_string\"}],\"inLanguage\":\"fr-FR\"}]}<\/script>\n<!-- \/ Yoast SEO plugin. -->","yoast_head_json":{"title":"POLITIQUE DE CONFIDENTIALITE ET DE PROTECTION DES DONNEES A CARACTERE PERSONNEL DU SITE INTERNET artstudio-france.com - artstudio","robots":{"index":"index","follow":"follow","max-snippet":"max-snippet:-1","max-image-preview":"max-image-preview:large","max-video-preview":"max-video-preview:-1"},"canonical":"https:\/\/artstudio-france.com\/fr\/rgpd\/","og_locale":"fr_FR","og_type":"article","og_title":"POLITIQUE DE CONFIDENTIALITE ET DE PROTECTION DES DONNEES A CARACTERE PERSONNEL DU SITE INTERNET artstudio-france.com - artstudio","og_description":"L&rsquo;acc\u00e8s et l&rsquo;utilisation du site internet artstudio-france.com (ci-apr\u00e8s \u00ab le Site Internet \u00bb) est susceptible d&rsquo;impliquer de votre part la fourniture d&rsquo;un certain nombre de donn\u00e9es \u00e0 caract\u00e8re personnel vous concernant. Afin de pr\u00e9server votre confiance, Nous, ARTSTUDIO-FRANCE vous invitons \u00e0 prendre connaissance de notre politique en la mati\u00e8re, laquelle d\u00e9crit les donn\u00e9es collect\u00e9es, l&rsquo;utilisation [&hellip;]","og_url":"https:\/\/artstudio-france.com\/fr\/rgpd\/","og_site_name":"artstudio","article_modified_time":"2020-12-11T11:10:17+00:00","twitter_card":"summary_large_image","twitter_misc":{"Dur\u00e9e de lecture estim\u00e9e":"9 minutes"},"schema":{"@context":"https:\/\/schema.org","@graph":[{"@type":"WebPage","@id":"https:\/\/artstudio-france.com\/fr\/rgpd\/","url":"https:\/\/artstudio-france.com\/fr\/rgpd\/","name":"POLITIQUE DE CONFIDENTIALITE ET DE PROTECTION DES DONNEES A CARACTERE PERSONNEL DU SITE INTERNET artstudio-france.com - artstudio","isPartOf":{"@id":"https:\/\/artstudio-france.com\/fr\/#website"},"datePublished":"2020-11-09T21:14:41+00:00","dateModified":"2020-12-11T11:10:17+00:00","breadcrumb":{"@id":"https:\/\/artstudio-france.com\/fr\/rgpd\/#breadcrumb"},"inLanguage":"fr-FR","potentialAction":[{"@type":"ReadAction","target":["https:\/\/artstudio-france.com\/fr\/rgpd\/"]}]},{"@type":"BreadcrumbList","@id":"https:\/\/artstudio-france.com\/fr\/rgpd\/#breadcrumb","itemListElement":[{"@type":"ListItem","position":1,"name":"Accueil","item":"https:\/\/artstudio-france.com\/fr\/"},{"@type":"ListItem","position":2,"name":"POLITIQUE DE CONFIDENTIALITE ET DE PROTECTION DES DONNEES A CARACTERE PERSONNEL DU SITE INTERNET artstudio-france.com"}]},{"@type":"WebSite","@id":"https:\/\/artstudio-france.com\/fr\/#website","url":"https:\/\/artstudio-france.com\/fr\/","name":"artstudio","description":"slogan vide","potentialAction":[{"@type":"SearchAction","target":{"@type":"EntryPoint","urlTemplate":"https:\/\/artstudio-france.com\/fr\/?s={search_term_string}"},"query-input":"required name=search_term_string"}],"inLanguage":"fr-FR"}]}},"_links":{"self":[{"href":"https:\/\/artstudio-france.com\/fr\/wp-json\/wp\/v2\/pages\/3"}],"collection":[{"href":"https:\/\/artstudio-france.com\/fr\/wp-json\/wp\/v2\/pages"}],"about":[{"href":"https:\/\/artstudio-france.com\/fr\/wp-json\/wp\/v2\/types\/page"}],"author":[{"embeddable":true,"href":"https:\/\/artstudio-france.com\/fr\/wp-json\/wp\/v2\/users\/1"}],"replies":[{"embeddable":true,"href":"https:\/\/artstudio-france.com\/fr\/wp-json\/wp\/v2\/comments?post=3"}],"version-history":[{"count":2,"href":"https:\/\/artstudio-france.com\/fr\/wp-json\/wp\/v2\/pages\/3\/revisions"}],"predecessor-version":[{"id":905,"href":"https:\/\/artstudio-france.com\/fr\/wp-json\/wp\/v2\/pages\/3\/revisions\/905"}],"wp:attachment":[{"href":"https:\/\/artstudio-france.com\/fr\/wp-json\/wp\/v2\/media?parent=3"}],"curies":[{"name":"wp","href":"https:\/\/api.w.org\/{rel}","templated":true}]}}