{"id":2,"date":"2020-11-09T21:14:41","date_gmt":"2020-11-09T21:14:41","guid":{"rendered":"https:\/\/artstudio.glasshouse.fr\/?page_id=2"},"modified":"2020-12-11T11:08:59","modified_gmt":"2020-12-11T11:08:59","slug":"mentions-legales","status":"publish","type":"page","link":"https:\/\/artstudio-france.com\/fr\/mentions-legales\/","title":{"rendered":"Mentions l\u00e9gales"},"content":{"rendered":"\n<p>D\u00e9veloppement du site web : <a href=\"https:\/\/glasshouse.fr\" target=\"_blank\" rel=\"noreferrer noopener\">GLASSHOUSE <\/a>&#8211; 36 rue Benedit \u2013 13004 Marseille &#8211; France<br>H\u00e9bergement du site web : OVH &#8211; 2 rue Kellermann &#8211; 59100 Roubaix &#8211; France<br>Direction de la publication : ARTSTUDIO-FRANCE<br>ARTSTUDIO-FRANCE \u2013 imp. Sous Roches \u2013 FR-31810 Venerque \u2013 France<br>SIRET 851 925 487 00015<br>En application de la loi n\u00b078-17 du 6 janvier 1978 relative \u00e0 l&rsquo;informatique, aux fichiers et aux libert\u00e9s, les personnes physiques disposent d&rsquo;un droit d&rsquo;acc\u00e8s, de modification, de rectification et de suppression portant sur les informations nominatives les concernant. En cons\u00e9quence, si pour exercer ce droit, vous souhaitez savoir si le site <a href=\"https:\/\/artstudio-france.com\" target=\"_blank\" rel=\"noreferrer noopener\">ARTSTUDIO-FRANCE<\/a> traite des informations nominatives vous concernant, et\/ou en obtenir communication, et\/ou faire modifier, rectifier ou supprimer tout ou partie de ces informations, veuillez nous adresser un e-mail en ce sens \u00e0 <a href=\"mailto:contact@artstudio-france.com\">contact@artstudio-france.com<\/a>.<\/p>\n\n\n\n<h2 class=\"wp-block-heading\">PROTECTION ACCORDEE PAR LE DROIT D&rsquo;AUTEUR<\/h2>\n\n\n\n<p>La protection du site et des \u00e9l\u00e9ments le composant rel\u00e8ve des l\u00e9gislations nationales et internationales relatives au droit de la propri\u00e9t\u00e9 intellectuelle. D\u00e8s lors, toute reproduction et\/ou repr\u00e9sentation et\/ou rediffusion, en tout ou en partie, sur tout support \u00e9lectronique ou non, pr\u00e9sent ou futur, sont interdites sauf autorisation pr\u00e9alable, \u00e9crite et expresse d&rsquo;ARTSTUDIO-FRANCE. Toute personne contrevenant \u00e0 cette interdiction engage sa responsabilit\u00e9 p\u00e9nale et civile et peut \u00eatre poursuivie notamment sur le fondement de la contrefa\u00e7on.<br>Le site <a href=\"https:\/\/artstudio-france.com\" target=\"_blank\" rel=\"noreferrer noopener\">ARTSTUDIO-FRANCE<\/a> propri\u00e9t\u00e9 d&rsquo;ARTSTUDIO-FRANCE est consultable aux adresses suivantes :<br><a href=\"https:\/\/artstudio-france.com\" target=\"_blank\" rel=\"noreferrer noopener\">artstudio-france.com<\/a><br><a href=\"https:\/\/artstudio-france.fr\" target=\"_blank\" rel=\"noreferrer noopener\">artstudio-france.fr<\/a><br><a href=\"https:\/\/artstudiofrance.com\" target=\"_blank\" rel=\"noreferrer noopener\">artstudiofrance.com<\/a><br><a href=\"https:\/\/artstudiofrance.fr\" target=\"_blank\" rel=\"noreferrer noopener\">artstudiofrance.fr<\/a><\/p>\n\n\n\n<h2 class=\"wp-block-heading\">PROTECTION ACCORDEE AUX BASES DE DONNEES<\/h2>\n\n\n\n<p>Les adresses personnelles recueillies sur le site <a href=\"https:\/\/artstudio-france.com\" target=\"_blank\" rel=\"noreferrer noopener\">ARTSTUDIO-FRANCE<\/a> r\u00e9sultent de la communication volontaire d&rsquo;une adresse de courrier \u00e9lectronique lors d&rsquo;un d\u00e9p\u00f4t d&rsquo;un message \u00e9lectronique. Les adresses e-mail recueillies ne servent qu&rsquo;\u00e0 la transmission des \u00e9l\u00e9ments d&rsquo;informations demand\u00e9s. Les bases de donn\u00e9es de ce site, dont ARTSTUDIO-FRANCE est le producteur, sont prot\u00e9g\u00e9es par les dispositions de code de la propri\u00e9t\u00e9 intellectuelle issues de la loi n\u00b098-536 du 1er juillet 1998 sur la protection juridique des bases de donn\u00e9es. En cons\u00e9quence, toute extraction ou r\u00e9utilisation quelconque d&rsquo;une partie qualitativement ou quantitativement substantielle du contenu d&rsquo;une quelconque des bases de donn\u00e9es de ce site est illicite et il en est de m\u00eame de toute extraction r\u00e9p\u00e9t\u00e9e et syst\u00e9matique d&rsquo;une partie qualitativement ou quantitativement non substantielle du contenu d&rsquo;une quelconque des bases de donn\u00e9es de ce site.<\/p>\n\n\n\n<h2 class=\"wp-block-heading\">EXPLOITATIONS DES INFORMATIONS<\/h2>\n\n\n\n<p>ARTSTUDIO-FRANCE ne peut \u00eatre tenu responsable d&rsquo;aucune mani\u00e8re de l&rsquo;interpr\u00e9tation et\/ou de l&rsquo;usage d&rsquo;une ou plusieurs informations contenues dans ce site, et des cons\u00e9quences de cette interpr\u00e9tation et\/ou de cet usage. L&rsquo;exploitation \u00e9ventuelle par un utilisateur quelconque d&rsquo;une ou plusieurs informations de ce site est faite sous la seule responsabilit\u00e9 de cet utilisateur, et ARTSTUDIO-FRANCE ne peut \u00eatre tenu responsable d&rsquo;aucune mani\u00e8re en relation avec cette exploitation et\/ou les cons\u00e9quences de celle-ci.<\/p>\n\n\n\n<h2 class=\"wp-block-heading\">COOKIES<\/h2>\n\n\n\n<p>Un cookie est un petit fichier texte sauvegard\u00e9 sur votre ordinateur ou votre appareil mobile puis r\u00e9cup\u00e9r\u00e9 lors de vos visites ult\u00e9rieures. ARTSTUDIO-FRANCE utilise des cookies pour que votre visite soit plus simple et agr\u00e9able. Nous n&rsquo;utilisons pas les cookies pour conserver des informations personnelles ni pour divulguer des informations \u00e0 des tiers. Il existe deux types de cookies, permanents et temporaires (cookies de session). Les cookies permanents sont stock\u00e9s sous forme de fichier sur votre ordinateur ou votre appareil mobile pendant une dur\u00e9e ne d\u00e9passant pas 12 mois. Les cookies de session sont stock\u00e9s de mani\u00e8re temporaire et disparaissent d\u00e8s la fermeture de votre session de navigation. Vous pouvez facilement effacer les cookies de votre ordinateur ou de votre appareil mobile \u00e0 l&rsquo;aide de votre navigateur. Pour consulter les instructions relatives \u00e0 la gestion et \u00e0 la suppression des cookies, merci de vous reporter \u00e0 la rubrique d&rsquo;aide de votre navigateur. Selon vos pr\u00e9f\u00e9rences, vous pouvez d\u00e9sactiver les cookies ou demander \u00e0 \u00eatre averti \u00e0 chaque fois qu&rsquo;un nouveau cookie est transmis \u00e0 votre ordinateur ou votre appareil mobile. Veuillez noter que si vous d\u00e9sactivez les cookies, vous ne pourrez plus profiter de toutes les fonctionnalit\u00e9s.<\/p>\n","protected":false},"excerpt":{"rendered":"<p>D\u00e9veloppement du site web : GLASSHOUSE &#8211; 36 rue Benedit \u2013 13004 Marseille &#8211; FranceH\u00e9bergement du site web : OVH &#8211; 2 rue Kellermann &#8211; 59100 Roubaix &#8211; FranceDirection de la publication : ARTSTUDIO-FRANCEARTSTUDIO-FRANCE \u2013 imp. Sous Roches \u2013 FR-31810 Venerque \u2013 FranceSIRET 851 925 487 00015En application de la loi n\u00b078-17 du 6 janvier [&hellip;]<\/p>\n","protected":false},"author":1,"featured_media":0,"parent":0,"menu_order":0,"comment_status":"closed","ping_status":"open","template":"","meta":[],"acf":[],"yoast_head":"<!-- This site is optimized with the Yoast SEO plugin v20.9 - https:\/\/yoast.com\/wordpress\/plugins\/seo\/ -->\n<title>Mentions l\u00e9gales - artstudio<\/title>\n<meta name=\"robots\" content=\"index, follow, max-snippet:-1, max-image-preview:large, max-video-preview:-1\" \/>\n<link rel=\"canonical\" href=\"https:\/\/artstudio-france.com\/fr\/mentions-legales\/\" \/>\n<meta property=\"og:locale\" content=\"fr_FR\" \/>\n<meta property=\"og:type\" content=\"article\" \/>\n<meta property=\"og:title\" content=\"Mentions l\u00e9gales - artstudio\" \/>\n<meta property=\"og:description\" content=\"D\u00e9veloppement du site web : GLASSHOUSE &#8211; 36 rue Benedit \u2013 13004 Marseille &#8211; FranceH\u00e9bergement du site web : OVH &#8211; 2 rue Kellermann &#8211; 59100 Roubaix &#8211; FranceDirection de la publication : ARTSTUDIO-FRANCEARTSTUDIO-FRANCE \u2013 imp. Sous Roches \u2013 FR-31810 Venerque \u2013 FranceSIRET 851 925 487 00015En application de la loi n\u00b078-17 du 6 janvier [&hellip;]\" \/>\n<meta property=\"og:url\" content=\"https:\/\/artstudio-france.com\/fr\/mentions-legales\/\" \/>\n<meta property=\"og:site_name\" content=\"artstudio\" \/>\n<meta property=\"article:modified_time\" content=\"2020-12-11T11:08:59+00:00\" \/>\n<meta name=\"twitter:card\" content=\"summary_large_image\" \/>\n<meta name=\"twitter:label1\" content=\"Dur\u00e9e de lecture estim\u00e9e\" \/>\n\t<meta name=\"twitter:data1\" content=\"3 minutes\" \/>\n<script type=\"application\/ld+json\" class=\"yoast-schema-graph\">{\"@context\":\"https:\/\/schema.org\",\"@graph\":[{\"@type\":\"WebPage\",\"@id\":\"https:\/\/artstudio-france.com\/fr\/mentions-legales\/\",\"url\":\"https:\/\/artstudio-france.com\/fr\/mentions-legales\/\",\"name\":\"Mentions l\u00e9gales - artstudio\",\"isPartOf\":{\"@id\":\"https:\/\/artstudio-france.com\/fr\/#website\"},\"datePublished\":\"2020-11-09T21:14:41+00:00\",\"dateModified\":\"2020-12-11T11:08:59+00:00\",\"breadcrumb\":{\"@id\":\"https:\/\/artstudio-france.com\/fr\/mentions-legales\/#breadcrumb\"},\"inLanguage\":\"fr-FR\",\"potentialAction\":[{\"@type\":\"ReadAction\",\"target\":[\"https:\/\/artstudio-france.com\/fr\/mentions-legales\/\"]}]},{\"@type\":\"BreadcrumbList\",\"@id\":\"https:\/\/artstudio-france.com\/fr\/mentions-legales\/#breadcrumb\",\"itemListElement\":[{\"@type\":\"ListItem\",\"position\":1,\"name\":\"Accueil\",\"item\":\"https:\/\/artstudio-france.com\/fr\/\"},{\"@type\":\"ListItem\",\"position\":2,\"name\":\"Mentions l\u00e9gales\"}]},{\"@type\":\"WebSite\",\"@id\":\"https:\/\/artstudio-france.com\/fr\/#website\",\"url\":\"https:\/\/artstudio-france.com\/fr\/\",\"name\":\"artstudio\",\"description\":\"slogan vide\",\"potentialAction\":[{\"@type\":\"SearchAction\",\"target\":{\"@type\":\"EntryPoint\",\"urlTemplate\":\"https:\/\/artstudio-france.com\/fr\/?s={search_term_string}\"},\"query-input\":\"required name=search_term_string\"}],\"inLanguage\":\"fr-FR\"}]}<\/script>\n<!-- \/ Yoast SEO plugin. -->","yoast_head_json":{"title":"Mentions l\u00e9gales - artstudio","robots":{"index":"index","follow":"follow","max-snippet":"max-snippet:-1","max-image-preview":"max-image-preview:large","max-video-preview":"max-video-preview:-1"},"canonical":"https:\/\/artstudio-france.com\/fr\/mentions-legales\/","og_locale":"fr_FR","og_type":"article","og_title":"Mentions l\u00e9gales - artstudio","og_description":"D\u00e9veloppement du site web : GLASSHOUSE &#8211; 36 rue Benedit \u2013 13004 Marseille &#8211; FranceH\u00e9bergement du site web : OVH &#8211; 2 rue Kellermann &#8211; 59100 Roubaix &#8211; FranceDirection de la publication : ARTSTUDIO-FRANCEARTSTUDIO-FRANCE \u2013 imp. Sous Roches \u2013 FR-31810 Venerque \u2013 FranceSIRET 851 925 487 00015En application de la loi n\u00b078-17 du 6 janvier [&hellip;]","og_url":"https:\/\/artstudio-france.com\/fr\/mentions-legales\/","og_site_name":"artstudio","article_modified_time":"2020-12-11T11:08:59+00:00","twitter_card":"summary_large_image","twitter_misc":{"Dur\u00e9e de lecture estim\u00e9e":"3 minutes"},"schema":{"@context":"https:\/\/schema.org","@graph":[{"@type":"WebPage","@id":"https:\/\/artstudio-france.com\/fr\/mentions-legales\/","url":"https:\/\/artstudio-france.com\/fr\/mentions-legales\/","name":"Mentions l\u00e9gales - artstudio","isPartOf":{"@id":"https:\/\/artstudio-france.com\/fr\/#website"},"datePublished":"2020-11-09T21:14:41+00:00","dateModified":"2020-12-11T11:08:59+00:00","breadcrumb":{"@id":"https:\/\/artstudio-france.com\/fr\/mentions-legales\/#breadcrumb"},"inLanguage":"fr-FR","potentialAction":[{"@type":"ReadAction","target":["https:\/\/artstudio-france.com\/fr\/mentions-legales\/"]}]},{"@type":"BreadcrumbList","@id":"https:\/\/artstudio-france.com\/fr\/mentions-legales\/#breadcrumb","itemListElement":[{"@type":"ListItem","position":1,"name":"Accueil","item":"https:\/\/artstudio-france.com\/fr\/"},{"@type":"ListItem","position":2,"name":"Mentions l\u00e9gales"}]},{"@type":"WebSite","@id":"https:\/\/artstudio-france.com\/fr\/#website","url":"https:\/\/artstudio-france.com\/fr\/","name":"artstudio","description":"slogan vide","potentialAction":[{"@type":"SearchAction","target":{"@type":"EntryPoint","urlTemplate":"https:\/\/artstudio-france.com\/fr\/?s={search_term_string}"},"query-input":"required name=search_term_string"}],"inLanguage":"fr-FR"}]}},"_links":{"self":[{"href":"https:\/\/artstudio-france.com\/fr\/wp-json\/wp\/v2\/pages\/2"}],"collection":[{"href":"https:\/\/artstudio-france.com\/fr\/wp-json\/wp\/v2\/pages"}],"about":[{"href":"https:\/\/artstudio-france.com\/fr\/wp-json\/wp\/v2\/types\/page"}],"author":[{"embeddable":true,"href":"https:\/\/artstudio-france.com\/fr\/wp-json\/wp\/v2\/users\/1"}],"replies":[{"embeddable":true,"href":"https:\/\/artstudio-france.com\/fr\/wp-json\/wp\/v2\/comments?post=2"}],"version-history":[{"count":5,"href":"https:\/\/artstudio-france.com\/fr\/wp-json\/wp\/v2\/pages\/2\/revisions"}],"predecessor-version":[{"id":904,"href":"https:\/\/artstudio-france.com\/fr\/wp-json\/wp\/v2\/pages\/2\/revisions\/904"}],"wp:attachment":[{"href":"https:\/\/artstudio-france.com\/fr\/wp-json\/wp\/v2\/media?parent=2"}],"curies":[{"name":"wp","href":"https:\/\/api.w.org\/{rel}","templated":true}]}}